{"id":105,"date":"2017-02-26T20:55:27","date_gmt":"2017-02-26T19:55:27","guid":{"rendered":"http:\/\/tanzen-neuhaus.de\/wordpress\/?page_id=105"},"modified":"2020-02-25T10:34:07","modified_gmt":"2020-02-25T09:34:07","slug":"angebot","status":"publish","type":"page","link":"http:\/\/tanzen-neuhaus.de\/wordpress\/angebot\/","title":{"rendered":"Angebot"},"content":{"rendered":"<p><strong>Standardt\u00e4nze<\/strong><\/p>\n<p>Langsamer Walzer, Wiener Walzer, Tango, Slowfox, Quickstep<\/p>\n<p><strong>Lateinamerikanische T\u00e4nze<\/strong><\/p>\n<p>Cha-cha-cha, Rumba, Jive, Samba<\/p>\n<p><strong>Sonstige T\u00e4nze<\/strong><\/p>\n<p>Discofox, Lindy Hop, Bachata, Tango Argentino, Salsa und verschiedene Workshops<\/p>\n<p><strong>regelm\u00e4\u00dfige Einsteigerkurse<\/strong><\/p>\n<p><strong>Pr\u00e4ventionstraining &#8222;Haltung und Bewegung&#8220;<\/strong><\/p>\n<p><strong>NEU &#8211; HIP HOP UND STREETDANCE F\u00dcR JUGENDLICHE<\/strong><\/p>\n<p>Der Tanzclub Neuhaus \u2013 Ihr kompetenter Partner rund ums Thema Tanzen.<\/p>\n<p>2016 gegr\u00fcndet vereinen wir klassischen Gesellschaftstanz in den Standard- und Lateint\u00e4nzen, Einsteigerkurse, Workshops, HipHop und Streedance f\u00fcr Jugendliche sowie Pr\u00e4ventionstraining f\u00fcr Haltung und Bewegung \u2013 f\u00fcr jeden Tanzinteressierten haben wir das Richtige.<\/p>\n<p>Ebenso bieten wir eine bunte Palette an Veranstaltungen, zum Beispiel festliche Galab\u00e4lle, Tanzshows, Wandertage, Trainingslager, Vereinsfeiern u.v.m.<\/p>\n<p>Alle unsere Tanzlehrer sind gut ausgebildet und haben eine Lizenz. Besuchen Sie uns gerne beim Training oder einer unserer n\u00e4chsten B\u00e4lle. Ein Einstieg in den Club ist jederzeit m\u00f6glich.<\/p>\n<p>Wir freuen uns auf Sie!<\/p>\n","protected":false},"excerpt":{"rendered":"<p>Standardt\u00e4nze Langsamer Walzer, Wiener Walzer, Tango, Slowfox, Quickstep Lateinamerikanische T\u00e4nze Cha-cha-cha, Rumba, Jive, Samba Sonstige T\u00e4nze Discofox, Lindy Hop, Bachata, Tango Argentino, Salsa und verschiedene Workshops regelm\u00e4\u00dfige Einsteigerkurse Pr\u00e4ventionstraining &#8222;Haltung und Bewegung&#8220; NEU &#8211; HIP HOP UND STREETDANCE F\u00dcR JUGENDLICHE Der Tanzclub Neuhaus \u2013 Ihr kompetenter Partner rund ums Thema Tanzen. 2016 gegr\u00fcndet vereinen wir [&hellip;]<\/p>\n","protected":false},"author":1,"featured_media":0,"parent":0,"menu_order":2,"comment_status":"closed","ping_status":"closed","template":"","meta":{"footnotes":""},"class_list":["post-105","page","type-page","status-publish","hentry"],"_links":{"self":[{"href":"http:\/\/tanzen-neuhaus.de\/wordpress\/wp-json\/wp\/v2\/pages\/105","targetHints":{"allow":["GET"]}}],"collection":[{"href":"http:\/\/tanzen-neuhaus.de\/wordpress\/wp-json\/wp\/v2\/pages"}],"about":[{"href":"http:\/\/tanzen-neuhaus.de\/wordpress\/wp-json\/wp\/v2\/types\/page"}],"author":[{"embeddable":true,"href":"http:\/\/tanzen-neuhaus.de\/wordpress\/wp-json\/wp\/v2\/users\/1"}],"replies":[{"embeddable":true,"href":"http:\/\/tanzen-neuhaus.de\/wordpress\/wp-json\/wp\/v2\/comments?post=105"}],"version-history":[{"count":8,"href":"http:\/\/tanzen-neuhaus.de\/wordpress\/wp-json\/wp\/v2\/pages\/105\/revisions"}],"predecessor-version":[{"id":775,"href":"http:\/\/tanzen-neuhaus.de\/wordpress\/wp-json\/wp\/v2\/pages\/105\/revisions\/775"}],"wp:attachment":[{"href":"http:\/\/tanzen-neuhaus.de\/wordpress\/wp-json\/wp\/v2\/media?parent=105"}],"curies":[{"name":"wp","href":"https:\/\/api.w.org\/{rel}","templated":true}]}}